{"id":28,"date":"2014-08-14T12:58:22","date_gmt":"2014-08-14T11:58:22","guid":{"rendered":"http:\/\/annagraf.ch\/?page_id=28"},"modified":"2024-01-23T22:11:32","modified_gmt":"2024-01-23T20:11:32","slug":"cv-2","status":"publish","type":"page","link":"http:\/\/annagraf.ch\/?page_id=28","title":{"rendered":"CV"},"content":{"rendered":"<ul>\n<li>Seit Sept 2022 Spacial Designer bei <a href=\"https:\/\/www.aroma.ch\/team-de\">Aroma AG<\/a><\/li>\n<li>Mai 2017 &#8211; Sept 2022 Innenarchitektin bei konzeptS AG<\/li>\n<li>Aug 2015 &#8211; Mai 2017 Innenarchitektin bei Naomi Hajnos Architekten ETH\/SIA, Z\u00fcrich<\/li>\n<li><span style=\"color: #333300;\">Nov 2013 &#8211; Aug 2015\u00a0 Innenarchitektin bei Christophe Marchand Design, Z\u00fcrich<\/span><\/li>\n<li><span style=\"color: #333300;\">Okt 2014 &#8211; Feb 2015\u00a0 Projektspezifisches Engagement bei P.5 ltd., Z\u00fcrich<\/span><\/li>\n<li><span style=\"color: #333300;\">Mai 2012 &#8211; Nov 2013 Innenarchitektin bei de Chambrier &amp; Liechti architectes, Genf<\/span><\/li>\n<li><span style=\"color: #333300;\">2011\u00a0 Praktikum bei MVT-Architectes in Carouge, Genf<\/span><\/li>\n<li><span style=\"color: #333300;\">2011\u00a0 Bachelor of Arts HES-SO Interior Design, HEAD, Genf<\/span><\/li>\n<li><span style=\"color: #333300;\">2008\u00a0 Prop\u00e4deutikum an der Z\u00fcrcher Hochschule f\u00fcr Kunst und Gestaltung<\/span><\/li>\n<li><span style=\"color: #333300;\">2007\u00a0 Cambridge Proficiency Certificate in Cork, Irland<\/span><\/li>\n<\/ul>\n<pre><span style=\"color: #333300;\">\u00a0<\/span><\/pre>\n<p><span style=\"text-decoration: underline;\"><span style=\"color: #333300; text-decoration: underline;\">CAD<\/span><\/span><\/p>\n<p><span style=\"color: #333300;\">VectorWorks, ArchiCAD, Artlantis, InDesign, Word, Excel, Photoshop, Illustrator<\/span><\/p>\n<p><span style=\"color: #333300;\">PowerPoint, Autocad, Bonsai, Sketchup, Bender 3D, Numbers, FileMaker, WordPress<\/span><\/p>\n<p><span style=\"text-decoration: underline;\"><span style=\"color: #333300; text-decoration: underline;\">Sprachen<\/span><\/span><\/p>\n<p><span style=\"color: #333300;\">Deutsch\u00a0\u00a0\u00a0\u00a0\u00a0\u00a0\u00a0\u00a0\u00a0\u00a0\u00a0\u00a0\u00a0\u00a0\u00a0\u00a0\u00a0\u00a0\u00a0\u00a0 Muttersprache<\/span><\/p>\n<p><span style=\"color: #333300;\">Franz\u00f6sisch\u00a0\u00a0\u00a0\u00a0\u00a0\u00a0\u00a0\u00a0\u00a0\u00a0\u00a0\u00a0\u00a0\u00a0 fliessend, m\u00fcndlich und schriftlich<\/span><\/p>\n<p><span style=\"color: #333300;\">Englisch\u00a0\u00a0\u00a0\u00a0\u00a0\u00a0\u00a0\u00a0\u00a0\u00a0\u00a0\u00a0\u00a0\u00a0\u00a0\u00a0\u00a0\u00a0\u00a0\u00a0 fliessend, m\u00fcndlich und schriftlich, cambridge proficiency certificate<\/span><\/p>\n<p><span style=\"color: #333300;\">Italienisch\u00a0\u00a0\u00a0\u00a0\u00a0\u00a0\u00a0\u00a0\u00a0\u00a0\u00a0\u00a0\u00a0\u00a0\u00a0\u00a0\u00a0 gute Kenntnisse<\/span><\/p>\n<p><span style=\"color: #333300;\">\u00a0<\/span><\/p>\n<pre><span style=\"color: #333300;\">\u00a0<\/span><\/pre>\n","protected":false},"excerpt":{"rendered":"<p>Seit Sept 2022 Spacial Designer bei Aroma AG Mai 2017 &#8211; Sept 2022 Innenarchitektin bei konzeptS AG Aug 2015 &#8211; Mai 2017 Innenarchitektin bei Naomi Hajnos Architekten ETH\/SIA, Z\u00fcrich Nov 2013 &#8211; Aug 2015\u00a0 Innenarchitektin &#8230;<\/p>\n","protected":false},"author":1,"featured_media":0,"parent":0,"menu_order":0,"comment_status":"open","ping_status":"open","template":"","meta":{"footnotes":""},"class_list":["post-28","page","type-page","status-publish","hentry"],"_links":{"self":[{"href":"http:\/\/annagraf.ch\/index.php?rest_route=\/wp\/v2\/pages\/28","targetHints":{"allow":["GET"]}}],"collection":[{"href":"http:\/\/annagraf.ch\/index.php?rest_route=\/wp\/v2\/pages"}],"about":[{"href":"http:\/\/annagraf.ch\/index.php?rest_route=\/wp\/v2\/types\/page"}],"author":[{"embeddable":true,"href":"http:\/\/annagraf.ch\/index.php?rest_route=\/wp\/v2\/users\/1"}],"replies":[{"embeddable":true,"href":"http:\/\/annagraf.ch\/index.php?rest_route=%2Fwp%2Fv2%2Fcomments&post=28"}],"version-history":[{"count":37,"href":"http:\/\/annagraf.ch\/index.php?rest_route=\/wp\/v2\/pages\/28\/revisions"}],"predecessor-version":[{"id":271,"href":"http:\/\/annagraf.ch\/index.php?rest_route=\/wp\/v2\/pages\/28\/revisions\/271"}],"wp:attachment":[{"href":"http:\/\/annagraf.ch\/index.php?rest_route=%2Fwp%2Fv2%2Fmedia&parent=28"}],"curies":[{"name":"wp","href":"https:\/\/api.w.org\/{rel}","templated":true}]}}